{"id":40,"date":"2017-05-15T23:46:37","date_gmt":"2017-05-15T23:46:37","guid":{"rendered":"http:\/\/casino-golden-riviera-poker.com\/?page_id=40"},"modified":"2020-07-17T22:22:34","modified_gmt":"2020-07-17T22:22:34","slug":"privacy-policy","status":"publish","type":"page","link":"https:\/\/casino-golden-riviera-poker.com\/fr\/politique-de-confidentialite\/","title":{"rendered":"Politique de confidentialit\u00e9"},"content":{"rendered":"<ul>\n<li><!-- ATOSPP version: 3.0.5, my_privacy_policy -->    <h2 id='atospp-privacy' class='auto-tos-pp ppheading'>Politique de confidentialit\u00e9:<\/h2>\n    <p>casino-golden-riviera-poker (&quot;<strong>casino-golden-riviera-poker<\/strong>&quot;) exploite http:\/\/casino-golden-riviera-poker.com et peut exploiter d&#039;autres sites Web. La politique de casino-golden-riviera-poker est de respecter votre vie priv\u00e9e concernant toute information que nous pouvons collecter lors de l&#039;exploitation de nos sites Web.<\/p>\n    <h3>Visiteurs du site Web<\/h3>\n    <p>Comme la plupart des op\u00e9rateurs de sites Web, casino-golden-riviera-poker collecte des informations non personnelles du type de celles que les navigateurs Web et les serveurs mettent g\u00e9n\u00e9ralement \u00e0 disposition, telles que le type de navigateur, la pr\u00e9f\u00e9rence de langue, le site de r\u00e9f\u00e9rence et la date et l&#039;heure de chaque demande de visiteur. casino-golden-riviera-poker a pour objectif de collecter des informations non personnelles afin de mieux comprendre comment les visiteurs de casino-golden-riviera-poker utilisent son site Web. De temps en temps, casino-golden-riviera-poker peut divulguer des informations non personnellement identifiables dans l&#039;ensemble, par exemple, en publiant un rapport sur les tendances de l&#039;utilisation de son site Web.<\/p>\n    <p>casino-golden-riviera-poker collecte \u00e9galement des informations potentiellement personnelles telles que les adresses IP (Internet Protocol) pour les utilisateurs connect\u00e9s et pour les utilisateurs qui laissent des commentaires sur les blogs\/sites http:\/\/casino-golden-riviera-poker.com. casino-golden-riviera-poker ne divulgue les adresses IP des utilisateurs et des commentateurs connect\u00e9s que dans les m\u00eames circonstances qu&#039;il utilise et divulgue les informations d&#039;identification personnelle d\u00e9crites ci-dessous, sauf que les adresses IP et les adresses e-mail des commentateurs sont visibles et divulgu\u00e9es aux administrateurs du blog\/site o\u00f9 le commentaire a \u00e9t\u00e9 laiss\u00e9.<\/p>\n    <h3>Collecte d&#039;informations d&#039;identification personnelle<\/h3>\n    <p>Certains visiteurs des sites Web de casino-golden-riviera-poker choisissent d&#039;interagir avec casino-golden-riviera-poker d&#039;une mani\u00e8re qui n\u00e9cessite que casino-golden-riviera-poker recueille des informations d&#039;identification personnelle. La quantit\u00e9 et le type d&#039;informations recueillies par casino-golden-riviera-poker d\u00e9pendent de la nature de l&#039;interaction. Par exemple, nous demandons aux visiteurs qui s&#039;inscrivent sur <a\n                href=\"http:\/\/casino-golden-riviera-poker.com\/fr\/\">http:\/\/casino-golden-riviera-poker.com<\/a> pour fournir un nom d&#039;utilisateur et une adresse e-mail. Les personnes qui effectuent des transactions avec casino-golden-riviera-poker sont invit\u00e9es \u00e0 fournir des informations suppl\u00e9mentaires, y compris, le cas \u00e9ch\u00e9ant, les informations personnelles et financi\u00e8res requises pour traiter ces transactions. Dans chaque cas, casino-golden-riviera-poker ne collecte ces informations que dans la mesure o\u00f9 cela est n\u00e9cessaire ou appropri\u00e9 pour atteindre l&#039;objectif de l&#039;interaction du visiteur avec casino-golden-riviera-poker. casino-golden-riviera-poker ne divulgue pas d&#039;informations d&#039;identification personnelle autres que celles d\u00e9crites ci-dessous. Et les visiteurs peuvent toujours refuser de fournir des informations d&#039;identification personnelle, avec la mise en garde que cela peut les emp\u00eacher de s&#039;engager dans certaines activit\u00e9s li\u00e9es au site Web.<\/p>\n    <h3>Statistiques agr\u00e9g\u00e9es<\/h3>\n    <p>casino-golden-riviera-poker peut collecter des statistiques sur le comportement des visiteurs de ses sites Web. casino-golden-riviera-poker peut afficher ces informations publiquement ou les fournir \u00e0 d&#039;autres. Cependant, casino-golden-riviera-poker ne divulgue pas d&#039;informations d&#039;identification personnelle autres que celles d\u00e9crites ci-dessous.<\/p>\n    <h3>Protection de certaines informations d&#039;identification personnelle<\/h3>\n    <p>casino-golden-riviera-poker divulgue des informations potentiellement personnelles et d&#039;identification personnelle uniquement \u00e0 ceux de ses employ\u00e9s, sous-traitants et organisations affili\u00e9es qui (i) ont besoin de conna\u00eetre ces informations afin de les traiter sur casino-golden-riviera-poker pour le compte ou pour fournir des services disponibles sur les sites Web de casino-golden-riviera-poker, et (ii) qui ont accept\u00e9 de ne pas les divulguer \u00e0 des tiers. Certains de ces employ\u00e9s, sous-traitants et organisations affili\u00e9es peuvent \u00eatre situ\u00e9s en dehors de votre pays d&#039;origine\u00a0; en utilisant les sites Web de casino-golden-riviera-poker, vous consentez au transfert de ces informations vers eux. casino-golden-riviera-poker ne louera ni ne vendra \u00e0 quiconque des informations potentiellement personnellement identifiables et personnellement identifiables. En dehors de ses employ\u00e9s, sous-traitants et organisations affili\u00e9es, comme d\u00e9crit ci-dessus, casino-golden-riviera-poker divulgue des informations potentiellement personnelles et d&#039;identification personnelle uniquement en r\u00e9ponse \u00e0 une citation \u00e0 compara\u00eetre, une ordonnance du tribunal ou toute autre demande gouvernementale, ou lorsque le casino- golden-riviera-poker croit de bonne foi que la divulgation est raisonnablement n\u00e9cessaire pour prot\u00e9ger la propri\u00e9t\u00e9 ou les droits de casino-golden-riviera-poker, de tiers ou du grand public. Si vous \u00eates un utilisateur enregistr\u00e9 d&#039;un site Web casino-golden-riviera-poker et que vous avez fourni votre adresse e-mail, casino-golden-riviera-poker peut occasionnellement vous envoyer un e-mail pour vous informer des nouvelles fonctionnalit\u00e9s, solliciter vos commentaires ou simplement garder vous tenir au courant de ce qui se passe avec casino-golden-riviera-poker et nos produits. Si vous nous envoyez une demande (par exemple par e-mail ou via l&#039;un de nos m\u00e9canismes de retour d&#039;informations), nous nous r\u00e9servons le droit de la publier afin de nous aider \u00e0 clarifier ou r\u00e9pondre \u00e0 votre demande ou pour nous aider \u00e0 soutenir d&#039;autres utilisateurs. casino-golden-riviera-poker prend toutes les mesures raisonnablement n\u00e9cessaires pour se prot\u00e9ger contre l&#039;acc\u00e8s, l&#039;utilisation, la modification ou la destruction non autoris\u00e9s d&#039;informations potentiellement identifiables et personnellement identifiables.<\/p>\n    <h3>Biscuits<\/h3>\n    <p>Un cookie est une cha\u00eene d&#039;informations qu&#039;un site Web stocke sur l&#039;ordinateur d&#039;un visiteur et que le navigateur du visiteur fournit au site Web chaque fois que le visiteur revient. casino-golden-riviera-poker utilise des cookies pour aider casino-golden-riviera-poker \u00e0 identifier et suivre les visiteurs, leur utilisation du site Web casino-golden-riviera-poker et leurs pr\u00e9f\u00e9rences d&#039;acc\u00e8s au site Web. Les visiteurs de casino-golden-riviera-poker qui ne souhaitent pas que des cookies soient plac\u00e9s sur leurs ordinateurs doivent configurer leur navigateur pour refuser les cookies avant d&#039;utiliser les sites de casino-golden-riviera-poker, avec l&#039;inconv\u00e9nient que certaines fonctionnalit\u00e9s de casino-golden-riviera-poker- Les sites Web de poker peuvent ne pas fonctionner correctement sans l&#039;aide de cookies.<\/p>\n    <h3>Transferts d&#039;entreprise<\/h3>\n    <p>Si casino-golden-riviera-poker, ou la quasi-totalit\u00e9 de ses actifs, \u00e9taient acquis, ou dans le cas peu probable o\u00f9 casino-golden-riviera-poker ferait faillite ou ferait faillite, les informations de l&#039;utilisateur seraient l&#039;un des actifs qui sont transf\u00e9r\u00e9s ou acquis par un tiers. Vous reconnaissez que de tels transferts peuvent se produire et que tout acqu\u00e9reur de casino-golden-riviera-poker peut continuer \u00e0 utiliser vos informations personnelles comme indiqu\u00e9 dans cette politique.<\/p>\n    <h3>Les publicit\u00e9s<\/h3>\n    <p>Les publicit\u00e9s apparaissant sur l&#039;un de nos sites Web peuvent \u00eatre livr\u00e9es aux utilisateurs par des partenaires publicitaires, qui peuvent d\u00e9finir des cookies. Ces cookies permettent au serveur publicitaire de reconna\u00eetre votre ordinateur chaque fois qu&#039;il vous envoie une publicit\u00e9 en ligne pour compiler des informations sur vous ou sur les autres utilisateurs de votre ordinateur. Ces informations permettent, entre autres, aux r\u00e9seaux publicitaires de diffuser des publicit\u00e9s cibl\u00e9es qui, selon eux, vous int\u00e9resseront le plus. Cette politique de confidentialit\u00e9 couvre l&#039;utilisation de cookies par casino-golden-riviera-poker et ne couvre pas l&#039;utilisation de cookies par les annonceurs.<\/p>\n    <h3>Modifications de la politique de confidentialit\u00e9<\/h3>\n    <p>Bien que la plupart des changements soient probablement mineurs, casino-golden-riviera-poker peut modifier sa politique de confidentialit\u00e9 de temps \u00e0 autre, et \u00e0 la seule discr\u00e9tion de casino-golden-riviera-poker. casino-golden-riviera-poker encourage les visiteurs \u00e0 consulter fr\u00e9quemment cette page pour toute modification de sa politique de confidentialit\u00e9. Si vous poss\u00e9dez un compte http:\/\/casino-golden-riviera-poker.com, vous pouvez \u00e9galement recevoir une alerte vous informant de ces changements. Votre utilisation continue de ce site apr\u00e8s tout changement dans cette politique de confidentialit\u00e9 constituera votre acceptation d&#039;un tel changement.<\/p>\n<\/li>\n<\/ul>","protected":false},"excerpt":{"rendered":"","protected":false},"author":2,"featured_media":0,"parent":0,"menu_order":0,"comment_status":"closed","ping_status":"closed","template":"","meta":{"footnotes":""},"class_list":["post-40","page","type-page","status-publish","hentry"],"aioseo_notices":[],"_links":{"self":[{"href":"https:\/\/casino-golden-riviera-poker.com\/fr\/wp-json\/wp\/v2\/pages\/40","targetHints":{"allow":["GET"]}}],"collection":[{"href":"https:\/\/casino-golden-riviera-poker.com\/fr\/wp-json\/wp\/v2\/pages"}],"about":[{"href":"https:\/\/casino-golden-riviera-poker.com\/fr\/wp-json\/wp\/v2\/types\/page"}],"author":[{"embeddable":true,"href":"https:\/\/casino-golden-riviera-poker.com\/fr\/wp-json\/wp\/v2\/users\/2"}],"replies":[{"embeddable":true,"href":"https:\/\/casino-golden-riviera-poker.com\/fr\/wp-json\/wp\/v2\/comments?post=40"}],"version-history":[{"count":1,"href":"https:\/\/casino-golden-riviera-poker.com\/fr\/wp-json\/wp\/v2\/pages\/40\/revisions"}],"predecessor-version":[{"id":41,"href":"https:\/\/casino-golden-riviera-poker.com\/fr\/wp-json\/wp\/v2\/pages\/40\/revisions\/41"}],"wp:attachment":[{"href":"https:\/\/casino-golden-riviera-poker.com\/fr\/wp-json\/wp\/v2\/media?parent=40"}],"curies":[{"name":"wp","href":"https:\/\/api.w.org\/{rel}","templated":true}]}}